 {"id":600,"date":"2017-02-02T12:27:56","date_gmt":"2017-02-02T12:27:56","guid":{"rendered":"http:\/\/test.kriesi.at\/enfold-2017\/?page_id=600"},"modified":"2020-10-27T11:31:44","modified_gmt":"2020-10-27T08:31:44","slug":"dental-implants","status":"publish","type":"page","link":"https:\/\/turkishdentaltrips.com\/tr\/treatments\/dental-implants\/","title":{"rendered":"Dental Implantlar"},"content":{"rendered":"<div id='av_section_1'  class='avia-section main_color avia-section-large avia-no-shadow avia-full-stretch av-section-color-overlay-active avia-bg-style-fixed  avia-builder-el-0  el_before_av_section  avia-builder-el-first   av-minimum-height av-minimum-height-custom  container_wrap sidebar_right' style='background-repeat: no-repeat; background-image: url(https:\/\/turkishdentaltrips.com\/tr\/wp-content\/uploads\/2020\/10\/367853-PAXS22-765.jpg);background-attachment: fixed; background-position: bottom center;  '  data-section-bg-repeat='stretch'><div class='av-section-color-overlay-wrap'><div class='av-section-color-overlay' style='opacity: 0.6; background-color: #000000; '><\/div><a href='#next-section' title='' class='scroll-down-link  av-custom-scroll-down-color' style='color: #ffffff;' aria-hidden='true' data-av_icon='\ue877' data-av_iconfont='entypo-fontello'><\/a><div class='container' style='height:350px'><main  role=\"main\" itemprop=\"mainContentOfPage\"  class='template-page content  av-content-small alpha units'><div class='post-entry post-entry-type-page post-entry-600'><div class='entry-content-wrapper clearfix'>\n<div  style='padding-bottom:0px; color:#ffffff;font-size:40px;' class='av-special-heading av-special-heading-h1 custom-color-heading blockquote modern-quote modern-centered  avia-builder-el-1  avia-builder-el-no-sibling  av-thin-font av-inherit-size '><div class ='av-subheading av-subheading_above av_custom_color ' style='font-size:15px;'><p>Dental Implants<\/p>\n<\/div><h1 class='av-special-heading-tag '  itemprop=\"headline\"  ><strong>Dental Implantlar<\/strong><\/h1><div class='special-heading-border'><div class='special-heading-inner-border' style='border-color:#ffffff'><\/div><\/div><\/div>\n\n<\/div><\/div><\/main><!-- close content main element --><\/div><\/div><\/div><div id='av_section_2'  class='avia-section main_color avia-section-default avia-no-border-styling avia-bg-style-scroll  avia-builder-el-2  el_after_av_section  avia-builder-el-last   container_wrap sidebar_right' style='background-color: #ffffff;background-image: linear-gradient(#ffffff,#f9f9f9); '  ><div class='container' ><div class='template-page content  av-content-small alpha units'><div class='post-entry post-entry-type-page post-entry-600'><div class='entry-content-wrapper clearfix'>\n<div class='flex_column_table av-equal-height-column-flextable -flextable' style='box-shadow: 0 0 10px 0 #e0e0e0; '><div class=\"flex_column av_one_half  no_margin flex_column_table_cell av-equal-height-column av-align-middle first  avia-builder-el-3  el_before_av_one_half  avia-builder-el-first  \" style='background: #ffffff; padding:30px; background-color:#ffffff; border-radius:0px; '><p><div  style='padding-bottom:10px; ' class='av-special-heading av-special-heading-h3    avia-builder-el-4  el_before_av_textblock  avia-builder-el-first  '><h3 class='av-special-heading-tag '  itemprop=\"headline\"  >Dental Implantlar<\/h3><div class='special-heading-border'><div class='special-heading-inner-border' ><\/div><\/div><\/div><br \/>\n<section class=\"av_textblock_section \"  itemscope=\"itemscope\" itemtype=\"https:\/\/schema.org\/CreativeWork\" ><div class='avia_textblock  '   itemprop=\"text\" ><p>Di\u015f implant tedavisi k\u0131saca kaybedilen bir di\u015f yerine kullan\u0131lmak \u00fczere, alt ve \u00fcst \u00e7ene kemi\u011fine titanyum veya zirkonyum vida ile yapay bir di\u015f sabitlenmesi i\u015flemidir.<\/p>\n<p>Hastan\u0131n do\u011fal di\u015fleri ile uyumlu olan implantlar di\u011fer tedavilere g\u00f6re bir\u00e7ok avantaj sa\u011flamaktad\u0131r.<\/p>\n<ul>\n<li>A\u011f\u0131z i\u00e7erisinde hareketli bir yap\u0131 olmad\u0131klar\u0131 i\u00e7in \u00e7i\u011fneme, konu\u015fma ve benzeri aktivitelerde do\u011fall\u0131k ve rahatl\u0131k sa\u011flarlar.<\/li>\n<li>Ba\u011f\u0131ms\u0131z bir yap\u0131 olduklar\u0131 i\u00e7in etraf\u0131ndaki di\u011fer di\u015flerin veya a\u011f\u0131z i\u00e7i elemanlar\u0131n tedavi s\u00fcre\u00e7lerini etkilemezler.<\/li>\n<li>Uzun \u00f6m\u00fcrl\u00fc, dayan\u0131kl\u0131 ve maddi a\u00e7\u0131dan avantajl\u0131d\u0131rlar. Yeterli bir ki\u015fisel di\u015f bak\u0131m\u0131 sayesinde \u00f6m\u00fcr boyu kullan\u0131labilirler.<\/li>\n<\/ul>\n<\/div><\/section><br \/>\n<div  class='avia-button-wrap avia-button-center  avia-builder-el-6  el_after_av_textblock  avia-builder-el-last ' ><a href='https:\/\/turkishdentaltrips.com\/tr\/teklif-al\/' class='avia-button avia-button-fullwidth   avia-icon_select-yes-left-icon avia-color-custom '  style='color:#ffffff; background-color:#41a2fc;  ' ><span class='avia_button_icon avia_button_icon_left ' aria-hidden='true' data-av_icon='\ue812' data-av_iconfont='entypo-fontello'><\/span><span class='avia_iconbox_title' >Teklif Al<\/span><span class='avia_button_background avia-button avia-button-fullwidth avia-color-custom' style='background-color:#3b75e2; '><\/span><\/a><\/div><\/p><\/div><div class=\"flex_column av_one_half  avia-full-stretch no_margin flex_column_table_cell av-equal-height-column av-align-middle av-zero-column-padding   avia-builder-el-7  el_after_av_one_half  el_before_av_one_fifth  \" style='background: #ffffff; background-color:#ffffff; border-radius:0px; '><div  class='avia-image-container  av-styling-    avia-builder-el-8  avia-builder-el-no-sibling  avia-align-center '  itemprop=\"image\" itemscope=\"itemscope\" itemtype=\"https:\/\/schema.org\/ImageObject\"  ><div class='avia-image-container-inner'><div class='avia-image-overlay-wrap'><img class='avia_image' src='https:\/\/turkishdentaltrips.com\/tr\/wp-content\/uploads\/2020\/10\/dental-implant.jpg' alt='' title='dental implant realistic illustration' height=\"1000\" width=\"1000\"  itemprop=\"thumbnailUrl\"  \/><\/div><\/div><\/div><\/div><\/div><!--close column table wrapper. Autoclose: 1 --><div class=\"flex_column av_one_fifth  flex_column_div av-zero-column-padding first  avia-builder-el-9  el_after_av_one_half  el_before_av_three_fifth  column-top-margin\" style='border-radius:0px; '><\/div><div class=\"flex_column av_three_fifth  flex_column_div av-zero-column-padding   avia-builder-el-10  el_after_av_one_fifth  el_before_av_one_fifth  column-top-margin\" style='border-radius:0px; '><div  class='av-social-sharing-box  avia-builder-el-11  avia-builder-el-no-sibling  '><div class='av-share-box'><h5 class='av-share-link-description av-no-toc '>Sayfay\u0131 Payla\u015f<\/h5><ul class='av-share-box-list noLightbox'><li class='av-share-link av-social-link-facebook' ><a target=\"_blank\" aria-label=\"Share on Facebook\" href='https:\/\/www.facebook.com\/sharer.php?u=https:\/\/turkishdentaltrips.com\/tr\/treatments\/dental-implants\/&#038;t=Dental%20Implantlar' aria-hidden='true' data-av_icon='\ue8f3' data-av_iconfont='entypo-fontello' title='' data-avia-related-tooltip='Share on Facebook' rel=\"noopener\"><span class='avia_hidden_link_text'>Share on Facebook<\/span><\/a><\/li><li class='av-share-link av-social-link-twitter' ><a target=\"_blank\" aria-label=\"Share on Twitter\" href='https:\/\/twitter.com\/share?text=Dental%20Implantlar&#038;url=https:\/\/turkishdentaltrips.com\/tr\/?p=600' aria-hidden='true' data-av_icon='\ue8f1' data-av_iconfont='entypo-fontello' title='' data-avia-related-tooltip='Share on Twitter' rel=\"noopener\"><span class='avia_hidden_link_text'>Share on Twitter<\/span><\/a><\/li><li class='av-share-link av-social-link-whatsapp' ><a target=\"_blank\" aria-label=\"Share on WhatsApp\" href='https:\/\/api.whatsapp.com\/send?text=https:\/\/turkishdentaltrips.com\/tr\/treatments\/dental-implants\/' aria-hidden='true' data-av_icon='\uf232' data-av_iconfont='entypo-fontello' title='' data-avia-related-tooltip='Share on WhatsApp' rel=\"noopener\"><span class='avia_hidden_link_text'>Share on WhatsApp<\/span><\/a><\/li><li class='av-share-link av-social-link-pinterest' ><a target=\"_blank\" aria-label=\"Share on Pinterest\" href='https:\/\/pinterest.com\/pin\/create\/button\/?url=https%3A%2F%2Fturkishdentaltrips.com%2Ftr%2Ftreatments%2Fdental-implants%2F&#038;description=Dental%20Implantlar&#038;media=' aria-hidden='true' data-av_icon='\ue8f8' data-av_iconfont='entypo-fontello' title='' data-avia-related-tooltip='Share on Pinterest' rel=\"noopener\"><span class='avia_hidden_link_text'>Share on Pinterest<\/span><\/a><\/li><li class='av-share-link av-social-link-vk' ><a target=\"_blank\" aria-label=\"Share on Vk\" href='https:\/\/vk.com\/share.php?url=https:\/\/turkishdentaltrips.com\/tr\/treatments\/dental-implants\/' aria-hidden='true' data-av_icon='\ue926' data-av_iconfont='entypo-fontello' title='' data-avia-related-tooltip='Share on Vk' rel=\"noopener\"><span class='avia_hidden_link_text'>Share on Vk<\/span><\/a><\/li><li class='av-share-link av-social-link-mail' ><a  aria-label=\"Share by Mail\" href='mailto:?subject=Dental%20Implantlar&#038;body=https:\/\/turkishdentaltrips.com\/tr\/treatments\/dental-implants\/' aria-hidden='true' data-av_icon='\ue805' data-av_iconfont='entypo-fontello' title='' data-avia-related-tooltip='Share by Mail'><span class='avia_hidden_link_text'>Share by Mail<\/span><\/a><\/li><\/ul><\/div><\/div><\/div><div class=\"flex_column av_one_fifth  flex_column_div av-zero-column-padding   avia-builder-el-12  el_after_av_three_fifth  avia-builder-el-last  column-top-margin\" style='border-radius:0px; '><\/div><\/div><\/div><\/div><!-- close content main div --><\/div><\/div><div id='after_section_2'  class='main_color av_default_container_wrap container_wrap sidebar_right' style=' '  ><div class='container' ><div class='template-page content  av-content-small alpha units'><div class='post-entry post-entry-type-page post-entry-600'><div class='entry-content-wrapper clearfix'>\n","protected":false},"excerpt":{"rendered":"","protected":false},"author":1,"featured_media":0,"parent":606,"menu_order":0,"comment_status":"closed","ping_status":"closed","template":"","meta":[],"_links":{"self":[{"href":"https:\/\/turkishdentaltrips.com\/tr\/wp-json\/wp\/v2\/pages\/600"}],"collection":[{"href":"https:\/\/turkishdentaltrips.com\/tr\/wp-json\/wp\/v2\/pages"}],"about":[{"href":"https:\/\/turkishdentaltrips.com\/tr\/wp-json\/wp\/v2\/types\/page"}],"author":[{"embeddable":true,"href":"https:\/\/turkishdentaltrips.com\/tr\/wp-json\/wp\/v2\/users\/1"}],"replies":[{"embeddable":true,"href":"https:\/\/turkishdentaltrips.com\/tr\/wp-json\/wp\/v2\/comments?post=600"}],"version-history":[{"count":36,"href":"https:\/\/turkishdentaltrips.com\/tr\/wp-json\/wp\/v2\/pages\/600\/revisions"}],"predecessor-version":[{"id":3580,"href":"https:\/\/turkishdentaltrips.com\/tr\/wp-json\/wp\/v2\/pages\/600\/revisions\/3580"}],"up":[{"embeddable":true,"href":"https:\/\/turkishdentaltrips.com\/tr\/wp-json\/wp\/v2\/pages\/606"}],"wp:attachment":[{"href":"https:\/\/turkishdentaltrips.com\/tr\/wp-json\/wp\/v2\/media?parent=600"}],"curies":[{"name":"wp","href":"https:\/\/api.w.org\/{rel}","templated":true}]}}