 {"id":3631,"date":"2020-10-21T15:22:45","date_gmt":"2020-10-21T12:22:45","guid":{"rendered":"https:\/\/weblegrafik.com\/demo1\/?page_id=3631"},"modified":"2020-10-27T11:49:38","modified_gmt":"2020-10-27T08:49:38","slug":"yuz-estetigi","status":"publish","type":"page","link":"https:\/\/turkishdentaltrips.com\/tr\/treatments\/yuz-estetigi\/","title":{"rendered":"Y\u00fcz Esteti\u011fi"},"content":{"rendered":"<div id='av_section_1'  class='avia-section main_color avia-section-large avia-no-shadow avia-full-stretch av-parallax-section av-section-color-overlay-active avia-bg-style-parallax  avia-builder-el-0  el_before_av_section  avia-builder-el-first   av-minimum-height av-minimum-height-custom  container_wrap sidebar_right' style=' '  data-section-bg-repeat='stretch'><div class='av-parallax' data-avia-parallax-ratio='0.3' ><div class='av-parallax-inner main_color  avia-full-stretch' style = 'background-repeat: no-repeat; background-image: url(https:\/\/turkishdentaltrips.com\/tr\/wp-content\/uploads\/2020\/10\/OBDTIC0.jpg);background-attachment: scroll; background-position: bottom center; ' ><\/div><\/div><div class='av-section-color-overlay-wrap'><div class='av-section-color-overlay' style='opacity: 0.6; background-color: #000000; '><\/div><a href='#next-section' title='' class='scroll-down-link  av-custom-scroll-down-color' style='color: #ffffff;' aria-hidden='true' data-av_icon='\ue877' data-av_iconfont='entypo-fontello'><\/a><div class='container' style='height:350px'><main  role=\"main\" itemprop=\"mainContentOfPage\"  class='template-page content  av-content-small alpha units'><div class='post-entry post-entry-type-page post-entry-3631'><div class='entry-content-wrapper clearfix'>\n<div  style='padding-bottom:0px; color:#ffffff;font-size:40px;' class='av-special-heading av-special-heading-h1 custom-color-heading blockquote modern-quote modern-centered  avia-builder-el-1  avia-builder-el-no-sibling  av-thin-font av-inherit-size '><div class ='av-subheading av-subheading_above av_custom_color ' style='font-size:15px;'><p>TURKISH DENTAL TRIPS<\/p>\n<\/div><h1 class='av-special-heading-tag '  itemprop=\"headline\"  ><strong>Y\u00fcz Esteti\u011fi<\/strong><\/h1><div class='special-heading-border'><div class='special-heading-inner-border' style='border-color:#ffffff'><\/div><\/div><\/div>\n<\/div><\/div><\/main><!-- close content main element --><\/div><\/div><\/div><div id='av_section_2'  class='avia-section main_color avia-section-default avia-no-border-styling avia-bg-style-scroll  avia-builder-el-2  el_after_av_section  avia-builder-el-last   container_wrap sidebar_right' style='background-color: #ffffff;background-image: linear-gradient(#ffffff,#f9f9f9); '  ><div class='container' ><div class='template-page content  av-content-small alpha units'><div class='post-entry post-entry-type-page post-entry-3631'><div class='entry-content-wrapper clearfix'>\n<div class='flex_column_table av-equal-height-column-flextable -flextable' style='box-shadow: 0 0 10px 0 #e0e0e0; '><div class=\"flex_column av_one_half  no_margin flex_column_table_cell av-equal-height-column av-align-middle first  avia-builder-el-3  el_before_av_one_half  avia-builder-el-first  \" style='background: #ffffff; padding:10px 10px 10px 20px ; background-color:#ffffff; border-radius:0px; '><p><div  style='padding-bottom:10px; ' class='av-special-heading av-special-heading-h3    avia-builder-el-4  el_before_av_textblock  avia-builder-el-first  '><h3 class='av-special-heading-tag '  itemprop=\"headline\"  >Y\u00fcz Esteti\u011fi<\/h3><div class='special-heading-border'><div class='special-heading-inner-border' ><\/div><\/div><\/div><br \/>\n<section class=\"av_textblock_section \"  itemscope=\"itemscope\" itemtype=\"https:\/\/schema.org\/CreativeWork\" ><div class='avia_textblock  '   itemprop=\"text\" ><p>Y\u00fcz esteti\u011fi, d\u00fczensiz beslenme, d\u00fc\u015f\u00fck su t\u00fcketimi, a\u015f\u0131r\u0131 stres, sigara-alkol kullan\u0131m\u0131 ve \u00e7o\u011fu zaman hastalar\u0131n ilerleyen ya\u015flar ile artan k\u0131r\u0131\u015f\u0131kl\u0131klar\u0131n\u0131n y\u00fczlerinde deformasyona yol a\u00e7mas\u0131 sebebiyle tercih edilir. Dolgu ve botoks y\u00fczdeki hacim kayb\u0131n\u0131 azalt\u0131r ve kaslar\u0131n \u00e7al\u0131\u015fmas\u0131n\u0131 yava\u015flat\u0131r. Bu tedavi ile y\u00fcz\u00fcn\u00fcz h\u0131zl\u0131 bir \u015fekilde yorgun g\u00f6r\u00fcn\u00fcmden gen\u00e7 bir g\u00f6r\u00fcn\u00fcme kavu\u015fur. Bu uygulama sonu\u00e7lar\u0131 4-7 g\u00fcn i\u00e7erisinde belirir ve 6 ay gibi bir s\u00fcre y\u00fcz\u00fcn\u00fczde kal\u0131r.<\/p>\n<\/div><\/section><br \/>\n<div  class='avia-button-wrap avia-button-center  avia-builder-el-6  el_after_av_textblock  avia-builder-el-last ' ><a href='https:\/\/turkishdentaltrips.com\/tr\/teklif-al\/' class='avia-button avia-button-fullwidth   avia-icon_select-yes-left-icon avia-color-custom '  style='color:#ffffff; background-color:#41a2fc;  ' ><span class='avia_button_icon avia_button_icon_left ' aria-hidden='true' data-av_icon='\ue812' data-av_iconfont='entypo-fontello'><\/span><span class='avia_iconbox_title' >Teklif Al<\/span><span class='avia_button_background avia-button avia-button-fullwidth avia-color-custom' style='background-color:#3b75e2; '><\/span><\/a><\/div><\/p><\/div><div class=\"flex_column av_one_half  avia-full-stretch no_margin flex_column_table_cell av-equal-height-column av-align-middle av-zero-column-padding   avia-builder-el-7  el_after_av_one_half  el_before_av_one_fifth  \" style='background: #ffffff; background-color:#ffffff; border-radius:0px; '><div  class='avia-image-container  av-styling-    avia-builder-el-8  avia-builder-el-no-sibling  avia-align-center '  itemprop=\"image\" itemscope=\"itemscope\" itemtype=\"https:\/\/schema.org\/ImageObject\"  ><div class='avia-image-container-inner'><div class='avia-image-overlay-wrap'><img class='avia_image' src='https:\/\/turkishdentaltrips.com\/tr\/wp-content\/uploads\/2020\/10\/facial-esthetics.jpg' alt='' title='Beautiful young woman getting botox cosmetic injection in her fa' height=\"1000\" width=\"1000\"  itemprop=\"thumbnailUrl\"  \/><\/div><\/div><\/div><\/div><\/div><!--close column table wrapper. Autoclose: 1 --><div class=\"flex_column av_one_fifth  flex_column_div av-zero-column-padding first  avia-builder-el-9  el_after_av_one_half  el_before_av_three_fifth  column-top-margin\" style='border-radius:0px; '><\/div><div class=\"flex_column av_three_fifth  flex_column_div av-zero-column-padding   avia-builder-el-10  el_after_av_one_fifth  el_before_av_one_fifth  column-top-margin\" style='border-radius:0px; '><div  class='av-social-sharing-box  avia-builder-el-11  avia-builder-el-no-sibling  '><div class='av-share-box'><h5 class='av-share-link-description av-no-toc '>Sayfay\u0131 Payla\u015f<\/h5><ul class='av-share-box-list noLightbox'><li class='av-share-link av-social-link-facebook' ><a target=\"_blank\" aria-label=\"Share on Facebook\" href='https:\/\/www.facebook.com\/sharer.php?u=https:\/\/turkishdentaltrips.com\/tr\/treatments\/yuz-estetigi\/&#038;t=Y%C3%BCz%20Esteti%C4%9Fi' aria-hidden='true' data-av_icon='\ue8f3' data-av_iconfont='entypo-fontello' title='' data-avia-related-tooltip='Share on Facebook' rel=\"noopener\"><span class='avia_hidden_link_text'>Share on Facebook<\/span><\/a><\/li><li class='av-share-link av-social-link-twitter' ><a target=\"_blank\" aria-label=\"Share on Twitter\" href='https:\/\/twitter.com\/share?text=Y%C3%BCz%20Esteti%C4%9Fi&#038;url=https:\/\/turkishdentaltrips.com\/tr\/?p=3631' aria-hidden='true' data-av_icon='\ue8f1' data-av_iconfont='entypo-fontello' title='' data-avia-related-tooltip='Share on Twitter' rel=\"noopener\"><span class='avia_hidden_link_text'>Share on Twitter<\/span><\/a><\/li><li class='av-share-link av-social-link-whatsapp' ><a target=\"_blank\" aria-label=\"Share on WhatsApp\" href='https:\/\/api.whatsapp.com\/send?text=https:\/\/turkishdentaltrips.com\/tr\/treatments\/yuz-estetigi\/' aria-hidden='true' data-av_icon='\uf232' data-av_iconfont='entypo-fontello' title='' data-avia-related-tooltip='Share on WhatsApp' rel=\"noopener\"><span class='avia_hidden_link_text'>Share on WhatsApp<\/span><\/a><\/li><li class='av-share-link av-social-link-pinterest' ><a target=\"_blank\" aria-label=\"Share on Pinterest\" href='https:\/\/pinterest.com\/pin\/create\/button\/?url=https%3A%2F%2Fturkishdentaltrips.com%2Ftr%2Ftreatments%2Fyuz-estetigi%2F&#038;description=Y%C3%BCz%20Esteti%C4%9Fi&#038;media=' aria-hidden='true' data-av_icon='\ue8f8' data-av_iconfont='entypo-fontello' title='' data-avia-related-tooltip='Share on Pinterest' rel=\"noopener\"><span class='avia_hidden_link_text'>Share on Pinterest<\/span><\/a><\/li><li class='av-share-link av-social-link-vk' ><a target=\"_blank\" aria-label=\"Share on Vk\" href='https:\/\/vk.com\/share.php?url=https:\/\/turkishdentaltrips.com\/tr\/treatments\/yuz-estetigi\/' aria-hidden='true' data-av_icon='\ue926' data-av_iconfont='entypo-fontello' title='' data-avia-related-tooltip='Share on Vk' rel=\"noopener\"><span class='avia_hidden_link_text'>Share on Vk<\/span><\/a><\/li><li class='av-share-link av-social-link-mail' ><a  aria-label=\"Share by Mail\" href='mailto:?subject=Y%C3%BCz%20Esteti%C4%9Fi&#038;body=https:\/\/turkishdentaltrips.com\/tr\/treatments\/yuz-estetigi\/' aria-hidden='true' data-av_icon='\ue805' data-av_iconfont='entypo-fontello' title='' data-avia-related-tooltip='Share by Mail'><span class='avia_hidden_link_text'>Share by Mail<\/span><\/a><\/li><\/ul><\/div><\/div><\/div><div class=\"flex_column av_one_fifth  flex_column_div av-zero-column-padding   avia-builder-el-12  el_after_av_three_fifth  avia-builder-el-last  column-top-margin\" style='border-radius:0px; '><\/div><\/div><\/div><\/div><!-- close content main div --><\/div><\/div><div id='after_section_2'  class='main_color av_default_container_wrap container_wrap sidebar_right' style=' '  ><div class='container' ><div class='template-page content  av-content-small alpha units'><div class='post-entry post-entry-type-page post-entry-3631'><div class='entry-content-wrapper clearfix'><\/p>\n","protected":false},"excerpt":{"rendered":"","protected":false},"author":1,"featured_media":0,"parent":606,"menu_order":6,"comment_status":"closed","ping_status":"closed","template":"","meta":[],"_links":{"self":[{"href":"https:\/\/turkishdentaltrips.com\/tr\/wp-json\/wp\/v2\/pages\/3631"}],"collection":[{"href":"https:\/\/turkishdentaltrips.com\/tr\/wp-json\/wp\/v2\/pages"}],"about":[{"href":"https:\/\/turkishdentaltrips.com\/tr\/wp-json\/wp\/v2\/types\/page"}],"author":[{"embeddable":true,"href":"https:\/\/turkishdentaltrips.com\/tr\/wp-json\/wp\/v2\/users\/1"}],"replies":[{"embeddable":true,"href":"https:\/\/turkishdentaltrips.com\/tr\/wp-json\/wp\/v2\/comments?post=3631"}],"version-history":[{"count":9,"href":"https:\/\/turkishdentaltrips.com\/tr\/wp-json\/wp\/v2\/pages\/3631\/revisions"}],"predecessor-version":[{"id":3983,"href":"https:\/\/turkishdentaltrips.com\/tr\/wp-json\/wp\/v2\/pages\/3631\/revisions\/3983"}],"up":[{"embeddable":true,"href":"https:\/\/turkishdentaltrips.com\/tr\/wp-json\/wp\/v2\/pages\/606"}],"wp:attachment":[{"href":"https:\/\/turkishdentaltrips.com\/tr\/wp-json\/wp\/v2\/media?parent=3631"}],"curies":[{"name":"wp","href":"https:\/\/api.w.org\/{rel}","templated":true}]}}