 {"id":3538,"date":"2020-10-13T15:07:10","date_gmt":"2020-10-13T12:07:10","guid":{"rendered":"https:\/\/weblegrafik.com\/demo1\/?page_id=3538"},"modified":"2020-10-27T18:06:37","modified_gmt":"2020-10-27T15:06:37","slug":"teklif-al","status":"publish","type":"page","link":"https:\/\/turkishdentaltrips.com\/tr\/teklif-al\/","title":{"rendered":"Teklif Al"},"content":{"rendered":"<div id='av_section_1'  class='avia-section main_color avia-section-default avia-no-border-styling avia-full-stretch av-section-color-overlay-active avia-bg-style-scroll  avia-builder-el-0  el_before_av_layout_row  avia-builder-el-first   av-minimum-height av-minimum-height-custom  container_wrap sidebar_right' style='background-repeat: no-repeat; background-image: url(https:\/\/turkishdentaltrips.com\/tr\/wp-content\/uploads\/2020\/10\/19637.jpg);background-attachment: scroll; background-position: bottom center;  '  data-section-bg-repeat='stretch'><div class='av-section-color-overlay-wrap'><div class='av-section-color-overlay' style='opacity: 0.3; background-color: #eaeaea; '><\/div><a href='#next-section' title='' class='scroll-down-link  av-custom-scroll-down-color' style='color: #12a19a;' aria-hidden='true' data-av_icon='\ue877' data-av_iconfont='entypo-fontello'><\/a><div class='container' style='height:300px'><main  role=\"main\" itemprop=\"mainContentOfPage\"  class='template-page content  av-content-small alpha units'><div class='post-entry post-entry-type-page post-entry-3538'><div class='entry-content-wrapper clearfix'>\n<div  style='padding-bottom:10px; color:#12a19a;font-size:35px;' class='av-special-heading av-special-heading-h3 custom-color-heading blockquote modern-quote modern-centered  avia-builder-el-1  avia-builder-el-no-sibling  av-thin-font av-inherit-size '><h3 class='av-special-heading-tag '  itemprop=\"headline\"  ><strong>Teklif Al<\/strong><\/h3><div class='special-heading-border'><div class='special-heading-inner-border' style='border-color:#12a19a'><\/div><\/div><\/div>\n<\/div><\/div><\/main><!-- close content main element --><\/div><\/div><\/div><div id='av-layout-grid-1'  class='av-layout-grid-container entry-content-wrapper main_color av-flex-cells     avia-builder-el-2  el_after_av_section  avia-builder-el-last  submenu-not-first container_wrap sidebar_right' style=' '  >\n<div class=\"flex_cell no_margin av_one_half  avia-builder-el-3  el_before_av_cell_one_half  avia-builder-el-first   \" style='background:linear-gradient(to bottom right,#ffffff,#f7f7f7); vertical-align:top; padding:30px 30px 30px 53px ; background-color:#ffffff; '><div class='flex_cell_inner' ><section class=\"av_textblock_section \"  itemscope=\"itemscope\" itemtype=\"https:\/\/schema.org\/CreativeWork\" ><div class='avia_textblock  '   itemprop=\"text\" ><div role=\"form\" class=\"wpcf7\" id=\"wpcf7-f3556-o1\" lang=\"tr-TR\" dir=\"ltr\">\n<div class=\"screen-reader-response\"><p role=\"status\" aria-live=\"polite\" aria-atomic=\"true\"><\/p> <ul><\/ul><\/div>\n<form action=\"\/tr\/wp-json\/wp\/v2\/pages\/3538#wpcf7-f3556-o1\" method=\"post\" class=\"wpcf7-form init\" enctype=\"multipart\/form-data\" novalidate=\"novalidate\" data-status=\"init\">\n<div style=\"display: none;\">\n<input type=\"hidden\" name=\"_wpcf7\" value=\"3556\" \/>\n<input type=\"hidden\" name=\"_wpcf7_version\" value=\"5.4.2\" \/>\n<input type=\"hidden\" name=\"_wpcf7_locale\" value=\"tr_TR\" \/>\n<input type=\"hidden\" name=\"_wpcf7_unit_tag\" value=\"wpcf7-f3556-o1\" \/>\n<input type=\"hidden\" name=\"_wpcf7_container_post\" value=\"0\" \/>\n<input type=\"hidden\" name=\"_wpcf7_posted_data_hash\" value=\"\" \/>\n<\/div>\n<div class=\"flex_column av_one_third  flex_column_div first  avia-builder-el-0  el_before_av_one_third  avia-builder-el-first  \">\n<label>Ad ve Soyad\u0131n\u0131z<br \/>\n    <span class=\"wpcf7-form-control-wrap your-name\"><input type=\"text\" name=\"your-name\" value=\"\" size=\"40\" class=\"wpcf7-form-control wpcf7-text wpcf7-validates-as-required\" aria-required=\"true\" aria-invalid=\"false\" \/><\/span> <\/label>\n<\/div>\n<div class=\"flex_column av_one_third  flex_column_div   avia-builder-el-1  el_after_av_one_third  el_before_av_one_third  \">\n<label> Email Adresiniz<br \/>\n    <span class=\"wpcf7-form-control-wrap your-email\"><input type=\"email\" name=\"your-email\" value=\"\" size=\"40\" class=\"wpcf7-form-control wpcf7-text wpcf7-email wpcf7-validates-as-required wpcf7-validates-as-email\" aria-required=\"true\" aria-invalid=\"false\" \/><\/span> <\/label>\n<\/div>\n<div class=\"flex_column av_one_third  flex_column_div   avia-builder-el-2  el_after_av_one_third  avia-builder-el-last  \">\n<label> \u0130leti\u015fim Numaran\u0131z<br \/>\n    <span class=\"wpcf7-form-control-wrap tel-647\"><input type=\"tel\" name=\"tel-647\" value=\"\" size=\"40\" class=\"wpcf7-form-control wpcf7-text wpcf7-tel wpcf7-validates-as-required wpcf7-validates-as-tel\" aria-required=\"true\" aria-invalid=\"false\" \/><\/span> <\/label>\n<\/div>\n<p><label> Mesaj\u0131n\u0131z (Di\u015fleriniz ile ilgili sorun ve ihtiya\u00e7lar\u0131n\u0131z, tatil planlar\u0131n\u0131z, alerjileriniz, ola\u011fand\u0131\u015f\u0131 t\u0131bbi durumlar\u0131n\u0131z vb.)<br \/>\n    <span class=\"wpcf7-form-control-wrap textarea-791\"><textarea name=\"textarea-791\" cols=\"40\" rows=\"3\" class=\"wpcf7-form-control wpcf7-textarea wpcf7-validates-as-required\" aria-required=\"true\" aria-invalid=\"false\"><\/textarea><\/span> <\/label><\/p>\n<p><label> Panoramik X-Ray (2D tarama) *iste\u011fe ba\u011fl\u0131<br \/>\n    <span class=\"wpcf7-form-control-wrap file-244\"><input type=\"file\" name=\"file-244\" size=\"40\" class=\"wpcf7-form-control wpcf7-file\" accept=\".jpg,.jpeg,.png,.pdf\" aria-invalid=\"false\" \/><\/span><br \/>\n*Kesin fiyat f\u0131rsatlar\u0131 i\u00e7in panoramik X-Ray (2D tarama) gereklidir <\/label><\/p>\n<hr>\n<div class=\"flex_column av_one_half  flex_column_div first  avia-builder-el-0  el_before_av_one_half  avia-builder-el-first  \">\n<img class=\"size-thumbnail wp-image-3481 alignleft\" src=\"https:\/\/turkishdentaltrips.com\/wp-content\/uploads\/2020\/10\/2.jpg\" alt=\"\" width=\"80\" height=\"80\" \/><br \/>\n<label> Di\u015flerinizin foto\u011fraflar\u0131 1<br \/>\n    <span class=\"wpcf7-form-control-wrap file-245\"><input type=\"file\" name=\"file-245\" size=\"40\" class=\"wpcf7-form-control wpcf7-file\" accept=\".jpg,.jpeg,.png,.pdf\" aria-invalid=\"false\" \/><\/span> <\/label>\n<\/div>\n<div class=\"flex_column av_one_half  flex_column_div   avia-builder-el-1  el_after_av_one_half  avia-builder-el-last  \">\n<img class=\"size-thumbnail wp-image-3481 alignleft\" src=\"https:\/\/turkishdentaltrips.com\/wp-content\/uploads\/2020\/10\/1.jpg\" alt=\"\" width=\"80\" height=\"80\" \/><br \/>\n<label> Di\u015flerinizin foto\u011fraflar\u0131 2<br \/>\n    <span class=\"wpcf7-form-control-wrap file-246\"><input type=\"file\" name=\"file-246\" size=\"40\" class=\"wpcf7-form-control wpcf7-file\" accept=\".jpg,.jpeg,.png,.pdf\" aria-invalid=\"false\" \/><\/span> <\/label>\n<\/div>\n<hr>\n<div class=\"flex_column av_one_half  flex_column_div first  avia-builder-el-0  el_before_av_one_half  avia-builder-el-first  \">\n<img class=\"size-thumbnail wp-image-3481 alignleft\" src=\"https:\/\/turkishdentaltrips.com\/wp-content\/uploads\/2020\/10\/3.jpg\" alt=\"\" width=\"80\" height=\"80\" \/><br \/>\n<label> Di\u015flerinizin foto\u011fraflar\u0131 3<br \/>\n    <span class=\"wpcf7-form-control-wrap file-247\"><input type=\"file\" name=\"file-247\" size=\"40\" class=\"wpcf7-form-control wpcf7-file\" accept=\".jpg,.jpeg,.png,.pdf\" aria-invalid=\"false\" \/><\/span> <\/label>\n<\/div>\n<div class=\"flex_column av_one_half  flex_column_div   avia-builder-el-1  el_after_av_one_half  avia-builder-el-last  \">\n<img class=\"size-thumbnail wp-image-3481 alignleft\" src=\"https:\/\/turkishdentaltrips.com\/wp-content\/uploads\/2020\/10\/Untitled-1.jpg\" alt=\"\" width=\"80\" height=\"80\" \/><br \/>\n<label> Di\u015flerinizin foto\u011fraflar\u0131 4<br \/>\n    <span class=\"wpcf7-form-control-wrap file-248\"><input type=\"file\" name=\"file-248\" size=\"40\" class=\"wpcf7-form-control wpcf7-file\" accept=\".jpg,.jpeg,.png,.pdf\" aria-invalid=\"false\" \/><\/span> <\/label>\n<\/div>\n<hr>\n<div class=\"flex_column av_one_half  flex_column_div first  avia-builder-el-0  el_before_av_one_half  avia-builder-el-first  \">\n<img class=\"size-thumbnail wp-image-3481 alignleft\" src=\"https:\/\/turkishdentaltrips.com\/wp-content\/uploads\/2020\/10\/8b4a1566-bbc8-4cc9-be3f-ccf13fd161d3-80x80.jpg\" alt=\"\" width=\"80\" height=\"80\" \/><br \/>\n<label> Di\u015flerinizin foto\u011fraflar\u0131 5<br \/>\n    <span class=\"wpcf7-form-control-wrap file-249\"><input type=\"file\" name=\"file-249\" size=\"40\" class=\"wpcf7-form-control wpcf7-file\" accept=\".jpg,.jpeg,.png,.pdf\" aria-invalid=\"false\" \/><\/span> <\/label>\n<\/div>\n<div class=\"flex_column av_one_half  flex_column_div   avia-builder-el-1  el_after_av_one_half  avia-builder-el-last  \">\n<img class=\"size-thumbnail wp-image-3481 alignleft\" src=\"https:\/\/turkishdentaltrips.com\/wp-content\/uploads\/2020\/10\/0c645981-092c-4ce8-a150-4d0fd47dfe9f-80x80.jpg\" alt=\"\" width=\"80\" height=\"80\" \/><br \/>\n<label> Di\u015flerinizin foto\u011fraflar\u0131 6<br \/>\n    <span class=\"wpcf7-form-control-wrap file-250\"><input type=\"file\" name=\"file-250\" size=\"40\" class=\"wpcf7-form-control wpcf7-file\" accept=\".jpg,.jpeg,.png,.pdf\" aria-invalid=\"false\" \/><\/span> <\/label>\n<\/div>\n<hr>\n<input type=\"submit\" value=\"G\u00f6nder\" class=\"wpcf7-form-control wpcf7-submit\" \/><\/p>\n<div class=\"wpcf7-response-output\" aria-hidden=\"true\"><\/div><\/form><\/div>\n<\/div><\/section>\n<\/div><\/div><div class=\"flex_cell no_margin av_one_half  avia-builder-el-5  el_after_av_cell_one_half  avia-builder-el-last   \" style='background: #12a19a; vertical-align:top; padding:30px 30px 30px 50px ; background-color:#12a19a; '><div class='flex_cell_inner' ><p><div  style='padding-bottom:10px; color:#ffffff;font-size:35px;' class='av-special-heading av-special-heading-h3 custom-color-heading blockquote modern-quote modern-centered  avia-builder-el-6  el_before_av_hr  avia-builder-el-first  av-thin-font av-inherit-size '><h3 class='av-special-heading-tag '  itemprop=\"headline\"  ><strong>\u00dcCRETS\u0130Z H\u0130ZMETLER\u0130M\u0130Z<\/strong><\/h3><div class ='av-subheading av-subheading_below av_custom_color ' style='font-size:15px;'><p>Turkish Dental Trips<\/p>\n<\/div><div class='special-heading-border'><div class='special-heading-inner-border' style='border-color:#ffffff'><\/div><\/div><\/div><br \/>\n<div  style='height:25px' class='hr hr-invisible   avia-builder-el-7  el_after_av_heading  el_before_av_iconlist '><span class='hr-inner ' ><span class='hr-inner-style'><\/span><\/span><\/div><br \/>\n<div  class='avia-icon-list-container   avia-builder-el-8  el_after_av_hr  avia-builder-el-last '><ul class='avia-icon-list avia-icon-list-left av-iconlist-big avia_animate_when_almost_visible avia-iconlist-animate'>\n<li><div  style='background-color:#12a19a; border:1px solid #ffffff; color:#ffffff; ' class='iconlist_icon  avia-font-entypo-fontello'><span class='iconlist-char ' aria-hidden='true' data-av_icon='\ue812' data-av_iconfont='entypo-fontello'><\/span><\/div><article class=\"article-icon-entry av-iconlist-empty\"  itemscope=\"itemscope\" itemtype=\"https:\/\/schema.org\/CreativeWork\" ><div class='iconlist_content_wrap'><header class=\"entry-content-header\"><h4 class='av_iconlist_title iconlist_title  av_inherit_color '  itemprop=\"headline\"   style='color:#ffffff; '>\"Havaalan\u0131-otel-klinik transferleri- \u00dcCRETS\u0130Z\"<\/h4><\/header><div class='iconlist_content av_inherit_color '  itemprop=\"text\"   style='color:#ffffff; '><\/div><\/div><footer class=\"entry-footer\"><\/footer><\/article><div class='iconlist-timeline'><\/div><\/li>\n<li><div  style='background-color:#12a19a; border:1px solid #ffffff; color:#ffffff; ' class='iconlist_icon  avia-font-entypo-fontello'><span class='iconlist-char ' aria-hidden='true' data-av_icon='\ue812' data-av_iconfont='entypo-fontello'><\/span><\/div><article class=\"article-icon-entry av-iconlist-empty\"  itemscope=\"itemscope\" itemtype=\"https:\/\/schema.org\/CreativeWork\" ><div class='iconlist_content_wrap'><header class=\"entry-content-header\"><h4 class='av_iconlist_title iconlist_title  av_inherit_color '  itemprop=\"headline\"   style='color:#ffffff; '>\"Di\u015f muayenesi ve kons\u00fcltasyon-\u00dcCRETS\u0130Z\u201d<\/h4><\/header><div class='iconlist_content av_inherit_color '  itemprop=\"text\"   style='color:#ffffff; '><\/div><\/div><footer class=\"entry-footer\"><\/footer><\/article><div class='iconlist-timeline'><\/div><\/li>\n<li><div  style='background-color:#12a19a; border:1px solid #ffffff; color:#ffffff; ' class='iconlist_icon  avia-font-entypo-fontello'><span class='iconlist-char ' aria-hidden='true' data-av_icon='\ue812' data-av_iconfont='entypo-fontello'><\/span><\/div><article class=\"article-icon-entry av-iconlist-empty\"  itemscope=\"itemscope\" itemtype=\"https:\/\/schema.org\/CreativeWork\" ><div class='iconlist_content_wrap'><header class=\"entry-content-header\"><h4 class='av_iconlist_title iconlist_title  av_inherit_color '  itemprop=\"headline\"   style='color:#ffffff; '>\"Panoramik X-Ray (2D tarama) - \u00dcCRETS\u0130Z\u201d<\/h4><\/header><div class='iconlist_content av_inherit_color '  itemprop=\"text\"   style='color:#ffffff; '><\/div><\/div><footer class=\"entry-footer\"><\/footer><\/article><div class='iconlist-timeline'><\/div><\/li>\n<li><div  style='background-color:#12a19a; border:1px solid #ffffff; color:#ffffff; ' class='iconlist_icon  avia-font-entypo-fontello'><span class='iconlist-char ' aria-hidden='true' data-av_icon='\ue812' data-av_iconfont='entypo-fontello'><\/span><\/div><article class=\"article-icon-entry av-iconlist-empty\"  itemscope=\"itemscope\" itemtype=\"https:\/\/schema.org\/CreativeWork\" ><div class='iconlist_content_wrap'><header class=\"entry-content-header\"><h4 class='av_iconlist_title iconlist_title  av_inherit_color '  itemprop=\"headline\"   style='color:#ffffff; '>\"Gerekirse kliniklere her ziyaret i\u00e7in \u0130ngilizce simultane \u00e7evirmen hizmeti-\u00dcCRETS\u0130Z\u201d<\/h4><\/header><div class='iconlist_content av_inherit_color '  itemprop=\"text\"   style='color:#ffffff; '><\/div><\/div><footer class=\"entry-footer\"><\/footer><\/article><div class='iconlist-timeline'><\/div><\/li>\n<li><div  style='background-color:#12a19a; border:1px solid #ffffff; color:#ffffff; ' class='iconlist_icon  avia-font-entypo-fontello'><span class='iconlist-char ' aria-hidden='true' data-av_icon='\ue812' data-av_iconfont='entypo-fontello'><\/span><\/div><article class=\"article-icon-entry av-iconlist-empty\"  itemscope=\"itemscope\" itemtype=\"https:\/\/schema.org\/CreativeWork\" ><div class='iconlist_content_wrap'><header class=\"entry-content-header\"><h4 class='av_iconlist_title iconlist_title  av_inherit_color '  itemprop=\"headline\"   style='color:#ffffff; '>\"Turistik bilgi servisi-\u00dcCRETS\u0130Z\u201d<\/h4><\/header><div class='iconlist_content av_inherit_color '  itemprop=\"text\"   style='color:#ffffff; '><\/div><\/div><footer class=\"entry-footer\"><\/footer><\/article><div class='iconlist-timeline'><\/div><\/li>\n<\/ul><\/div><\/p>\n<\/div><\/div><\/div><\/p>\n","protected":false},"excerpt":{"rendered":"","protected":false},"author":1,"featured_media":0,"parent":0,"menu_order":0,"comment_status":"closed","ping_status":"closed","template":"","meta":[],"_links":{"self":[{"href":"https:\/\/turkishdentaltrips.com\/tr\/wp-json\/wp\/v2\/pages\/3538"}],"collection":[{"href":"https:\/\/turkishdentaltrips.com\/tr\/wp-json\/wp\/v2\/pages"}],"about":[{"href":"https:\/\/turkishdentaltrips.com\/tr\/wp-json\/wp\/v2\/types\/page"}],"author":[{"embeddable":true,"href":"https:\/\/turkishdentaltrips.com\/tr\/wp-json\/wp\/v2\/users\/1"}],"replies":[{"embeddable":true,"href":"https:\/\/turkishdentaltrips.com\/tr\/wp-json\/wp\/v2\/comments?post=3538"}],"version-history":[{"count":25,"href":"https:\/\/turkishdentaltrips.com\/tr\/wp-json\/wp\/v2\/pages\/3538\/revisions"}],"predecessor-version":[{"id":4001,"href":"https:\/\/turkishdentaltrips.com\/tr\/wp-json\/wp\/v2\/pages\/3538\/revisions\/4001"}],"wp:attachment":[{"href":"https:\/\/turkishdentaltrips.com\/tr\/wp-json\/wp\/v2\/media?parent=3538"}],"curies":[{"name":"wp","href":"https:\/\/api.w.org\/{rel}","templated":true}]}}